{"id":9,"date":"2018-05-21T06:39:18","date_gmt":"2018-05-21T06:39:18","guid":{"rendered":"https:\/\/www.beathis.ch\/bilder\/?page_id=9"},"modified":"2018-05-21T16:06:38","modified_gmt":"2018-05-21T16:06:38","slug":"bilder-von-bea-this","status":"publish","type":"page","link":"https:\/\/www.beathis.ch\/bilder\/","title":{"rendered":"Bilder von Bea &#038; This"},"content":{"rendered":"<p>In diesem Blog zeigen wir Bilder von unseren Reisen und Aktivit\u00e4ten.<\/p>\n<p>W\u00e4hlen Sie rechts die gew\u00fcnschte Kategorie oder suchen Sie nach Stichworten.<\/p>\n<p>Viel Spass w\u00fcnschen Bea &amp; This<\/p>\n","protected":false},"excerpt":{"rendered":"<p>In diesem Blog zeigen wir Bilder von unseren Reisen und Aktivit\u00e4ten. W\u00e4hlen Sie rechts die gew\u00fcnschte Kategorie oder suchen Sie[&#8230;]<\/p>\n","protected":false},"author":1,"featured_media":0,"parent":0,"menu_order":0,"comment_status":"closed","ping_status":"closed","template":"template-magazine.php","meta":{"ngg_post_thumbnail":0,"footnotes":""},"class_list":["post-9","page","type-page","status-publish","hentry"],"_links":{"self":[{"href":"https:\/\/www.beathis.ch\/bilder\/index.php\/wp-json\/wp\/v2\/pages\/9","targetHints":{"allow":["GET"]}}],"collection":[{"href":"https:\/\/www.beathis.ch\/bilder\/index.php\/wp-json\/wp\/v2\/pages"}],"about":[{"href":"https:\/\/www.beathis.ch\/bilder\/index.php\/wp-json\/wp\/v2\/types\/page"}],"author":[{"embeddable":true,"href":"https:\/\/www.beathis.ch\/bilder\/index.php\/wp-json\/wp\/v2\/users\/1"}],"replies":[{"embeddable":true,"href":"https:\/\/www.beathis.ch\/bilder\/index.php\/wp-json\/wp\/v2\/comments?post=9"}],"version-history":[{"count":2,"href":"https:\/\/www.beathis.ch\/bilder\/index.php\/wp-json\/wp\/v2\/pages\/9\/revisions"}],"predecessor-version":[{"id":149,"href":"https:\/\/www.beathis.ch\/bilder\/index.php\/wp-json\/wp\/v2\/pages\/9\/revisions\/149"}],"wp:attachment":[{"href":"https:\/\/www.beathis.ch\/bilder\/index.php\/wp-json\/wp\/v2\/media?parent=9"}],"curies":[{"name":"wp","href":"https:\/\/api.w.org\/{rel}","templated":true}]}}